{"id":11,"date":"2015-02-10T19:51:06","date_gmt":"2015-02-10T18:51:06","guid":{"rendered":"http:\/\/test.buchhalter.opole.pl\/?page_id=11"},"modified":"2016-03-30T19:11:45","modified_gmt":"2016-03-30T17:11:45","slug":"oferta","status":"publish","type":"page","link":"https:\/\/buchhalter.opole.pl\/de\/oferta\/","title":{"rendered":"Angebot"},"content":{"rendered":"<p><\/p>\n<p style=\"text-align: justify;\"><a href=\"http:\/\/test.buchhalter.opole.pl\/wp-content\/uploads\/2015\/02\/calculator-385506_1280.jpg\"><img loading=\"lazy\" decoding=\"async\" class=\"size-medium wp-image-31 aligncenter\" src=\"http:\/\/test.buchhalter.opole.pl\/wp-content\/uploads\/2015\/02\/calculator-385506_1280-300x177.jpg\" alt=\"calculator-385506_1280\" width=\"300\" height=\"177\" srcset=\"https:\/\/buchhalter.opole.pl\/wp-content\/uploads\/2015\/02\/calculator-385506_1280-300x177.jpg 300w, https:\/\/buchhalter.opole.pl\/wp-content\/uploads\/2015\/02\/calculator-385506_1280-1024x603.jpg 1024w, https:\/\/buchhalter.opole.pl\/wp-content\/uploads\/2015\/02\/calculator-385506_1280.jpg 1280w\" sizes=\"auto, (max-width: 300px) 100vw, 300px\" \/><\/a><\/p>\n<p style=\"text-align: justify;\"><strong>Die Steuerkanzlei f\u00fchrt Dienstleistungen im Bereich:<\/strong><\/p>\n<ul>\n<li style=\"text-align: justify;\">Buchhaltung f\u00fcr Kleinunternehmen<\/li>\n<li style=\"text-align: justify;\">Buchhaltung f\u00fcr gro\u00dfe Gesellschaften<\/li>\n<li style=\"text-align: justify;\">Erstellung und \u00dcbermittlung der Umsatzsteuervoranmeldung\u00a0und der zusammenfassenden Meldung<\/li>\n<li style=\"text-align: justify;\">Erstellen der monatlichen Lohnbuchhaltung mit Lohn- und\u00a0Gehaltsabrechnung<\/li>\n<li style=\"text-align: justify;\">Erstellung und \u00dcbermittlung der Lohnsteueranmeldung,\u00a0Krankenkassenmeldungen, ..Sozialversicherungsmeldungen (Jahresmeldungen)\u00a0und<\/li>\n<li style=\"text-align: justify;\">Herstellung von Finanzberichten<\/li>\n<li style=\"text-align: justify;\">Erstellung von Jahresabrechnungen<\/li>\n<li style=\"text-align: justify;\">Unterst\u00fctzung bei der Gr\u00fcndung und Umwandlung von\u00a0Unternehmen<\/li>\n<li style=\"text-align: justify;\">Steuerplanung zur Reduzierung der Steuerbelastung<\/li>\n<\/ul>\n<p><\/p>","protected":false},"excerpt":{"rendered":"<p>Die Steuerkanzlei f\u00fchrt Dienstleistungen im Bereich: Buchhaltung f\u00fcr Kleinunternehmen Buchhaltung f\u00fcr gro\u00dfe Gesellschaften Erstellung und \u00dcbermittlung der Umsatzsteuervoranmeldung\u00a0und der zusammenfassenden Meldung Erstellen der monatlichen Lohnbuchhaltung mit Lohn- und\u00a0Gehaltsabrechnung Erstellung und \u00dcbermittlung der Lohnsteueranmeldung,\u00a0Krankenkassenmeldungen, ..Sozialversicherungsmeldungen (Jahresmeldungen)\u00a0und Herstellung von Finanzberichten Erstellung von Jahresabrechnungen Unterst\u00fctzung bei der Gr\u00fcndung und Umwandlung von\u00a0Unternehmen Steuerplanung zur Reduzierung der Steuerbelastung<\/p>\n","protected":false},"author":1,"featured_media":0,"parent":0,"menu_order":0,"comment_status":"closed","ping_status":"closed","template":"","meta":{"footnotes":""},"class_list":["post-11","page","type-page","status-publish","hentry"],"aioseo_notices":[],"_links":{"self":[{"href":"https:\/\/buchhalter.opole.pl\/de\/wp-json\/wp\/v2\/pages\/11","targetHints":{"allow":["GET"]}}],"collection":[{"href":"https:\/\/buchhalter.opole.pl\/de\/wp-json\/wp\/v2\/pages"}],"about":[{"href":"https:\/\/buchhalter.opole.pl\/de\/wp-json\/wp\/v2\/types\/page"}],"author":[{"embeddable":true,"href":"https:\/\/buchhalter.opole.pl\/de\/wp-json\/wp\/v2\/users\/1"}],"replies":[{"embeddable":true,"href":"https:\/\/buchhalter.opole.pl\/de\/wp-json\/wp\/v2\/comments?post=11"}],"version-history":[{"count":13,"href":"https:\/\/buchhalter.opole.pl\/de\/wp-json\/wp\/v2\/pages\/11\/revisions"}],"predecessor-version":[{"id":148,"href":"https:\/\/buchhalter.opole.pl\/de\/wp-json\/wp\/v2\/pages\/11\/revisions\/148"}],"wp:attachment":[{"href":"https:\/\/buchhalter.opole.pl\/de\/wp-json\/wp\/v2\/media?parent=11"}],"curies":[{"name":"wp","href":"https:\/\/api.w.org\/{rel}","templated":true}]}}