{"id":4,"date":"2015-02-07T19:55:32","date_gmt":"2015-02-07T18:55:32","guid":{"rendered":"http:\/\/test.buchhalter.opole.pl\/?page_id=4"},"modified":"2020-04-15T20:39:51","modified_gmt":"2020-04-15T18:39:51","slug":"strona-glowna","status":"publish","type":"page","link":"https:\/\/buchhalter.opole.pl\/de\/","title":{"rendered":"\u00dcber uns"},"content":{"rendered":"<p><\/p>\n<p style=\"text-align: justify;\">Die Steuerkanzlei Buchhalter bietet Leistungen in folgenden Bereichen&nbsp;an:<\/p>\n<p style=\"text-align: justify;\">&#8211; Buchf\u00fchrung,<\/p>\n<p style=\"text-align: justify;\">&#8211; Lohnabrechnung<\/p>\n<p style=\"text-align: justify;\">&#8211; Steuerberatung.<\/p>\n<p style=\"text-align: justify;\">Wir empfangen Sie mit einem erfahrenen und qualifizierten Personal,dessen Professionalit\u00e4t durch zahlreiche Zertifikate best\u00e4tigt wurde.Unsere Buchhaltungsdienste werden auf h\u00f6chstem Niveau geleistet.<\/p>\n<p style=\"text-align: center;\"><a href=\"https:\/\/buchhalter.opole.pl\/wp-content\/uploads\/2015\/02\/pen-e1456509908630.jpg\"><img loading=\"lazy\" decoding=\"async\" class=\"size-medium wp-image-29 aligncenter\" src=\"https:\/\/buchhalter.opole.pl\/wp-content\/uploads\/2015\/02\/pen-300x199.jpg\" alt=\"\" width=\"300\" height=\"201\"><\/a><\/p>\n<p style=\"text-align: justify;\">Die Kenntnisse der Deutschen Sprache sind ein Vorteil unserer Kanzlei. Dadurch unterscheiden wir uns von andern Buchhaltungsb\u00fcros.&nbsp;<span style=\"line-height: 1.5;\">Die Ressourcen und das Inhaltliche Kapital beweist dass wir auf dem Marktanerkannt sind. Dies beweist die strake Zusammenarbeit mit Firmen und Gesellschaften die ausl\u00e4ndischen Kapital haben.<\/span><\/p>\n<p style=\"text-align: center;\"><a href=\"&quot;https:\/\/buchhalter.opole.pl\/wp-content\/uploads\/2015\/02\/tax-e1456510154571.jpg\"><img loading=\"lazy\" decoding=\"async\" class=\"size-medium wp-image-29 aligncenter\" src=\"https:\/\/buchhalter.opole.pl\/wp-content\/uploads\/2015\/02\/tax-300x201.jpg\" alt=\"\" width=\"300\" height=\"201\"><\/a><\/p>\n<p style=\"text-align: justify;\">Das wichtigste f\u00fcr die Kanzlei sind die zufriedenen Kunden, aber&nbsp;auch eine&nbsp;gute Atmosph\u00e4re bei der&nbsp;Zusammenarbeit.&nbsp;In Ihrem Namen&nbsp;kontaktieren wir uns mit Finanz- und Sozialversicherungs\u00e4mtern und&nbsp;sonstigen Beh\u00f6rden.<\/p>\n<p style=\"text-align: justify;\">Wir haben ein Bef\u00e4higungszeugnis&nbsp;Nr 63224\/2013 des&nbsp;Finanzministeriums, das uns erlaubt,&nbsp; entsprechende Buchhaltungsdienste zu&nbsp;f\u00fchren. Au\u00dferdem ist die Kanzlei durch die Haftpflichtversicherung&nbsp;abgesichert. Der Gesch\u00e4ftsf\u00fchrer hat wirtschaftlichen Abschluss in&nbsp;Bereich von Steuern und Rechnungswessen.<\/p>\n<p style=\"text-align: justify;\"><strong>&nbsp;<\/strong><\/p>\n<p><\/p>","protected":false},"excerpt":{"rendered":"<p>Die Steuerkanzlei Buchhalter bietet Leistungen in folgenden Bereichen&nbsp;an: &#8211; Buchf\u00fchrung, &#8211; Lohnabrechnung &#8211; Steuerberatung. Wir empfangen Sie mit einem erfahrenen und qualifizierten Personal,dessen Professionalit\u00e4t durch zahlreiche Zertifikate best\u00e4tigt wurde.Unsere Buchhaltungsdienste werden auf h\u00f6chstem Niveau geleistet. Die Kenntnisse der Deutschen Sprache sind ein Vorteil unserer Kanzlei. Dadurch unterscheiden wir uns von andern Buchhaltungsb\u00fcros.&nbsp;Die Ressourcen und das [&hellip;]<\/p>\n","protected":false},"author":1,"featured_media":0,"parent":0,"menu_order":0,"comment_status":"closed","ping_status":"closed","template":"","meta":{"footnotes":""},"class_list":["post-4","page","type-page","status-publish","hentry"],"aioseo_notices":[],"_links":{"self":[{"href":"https:\/\/buchhalter.opole.pl\/de\/wp-json\/wp\/v2\/pages\/4","targetHints":{"allow":["GET"]}}],"collection":[{"href":"https:\/\/buchhalter.opole.pl\/de\/wp-json\/wp\/v2\/pages"}],"about":[{"href":"https:\/\/buchhalter.opole.pl\/de\/wp-json\/wp\/v2\/types\/page"}],"author":[{"embeddable":true,"href":"https:\/\/buchhalter.opole.pl\/de\/wp-json\/wp\/v2\/users\/1"}],"replies":[{"embeddable":true,"href":"https:\/\/buchhalter.opole.pl\/de\/wp-json\/wp\/v2\/comments?post=4"}],"version-history":[{"count":63,"href":"https:\/\/buchhalter.opole.pl\/de\/wp-json\/wp\/v2\/pages\/4\/revisions"}],"predecessor-version":[{"id":193,"href":"https:\/\/buchhalter.opole.pl\/de\/wp-json\/wp\/v2\/pages\/4\/revisions\/193"}],"wp:attachment":[{"href":"https:\/\/buchhalter.opole.pl\/de\/wp-json\/wp\/v2\/media?parent=4"}],"curies":[{"name":"wp","href":"https:\/\/api.w.org\/{rel}","templated":true}]}}